{"id":83,"date":"2022-01-16T18:08:46","date_gmt":"2022-01-16T17:08:46","guid":{"rendered":"http:\/\/eau-sol-air.com\/?page_id=83"},"modified":"2022-01-24T11:08:24","modified_gmt":"2022-01-24T10:08:24","slug":"description-du-bateau-photos-videos","status":"publish","type":"page","link":"https:\/\/eau-sol-air.com\/","title":{"rendered":"Accueil"},"content":{"rendered":"","protected":true},"excerpt":{"rendered":"","protected":true},"author":1,"featured_media":0,"parent":0,"menu_order":0,"comment_status":"closed","ping_status":"closed","template":"","meta":{"spay_email":"","footnotes":""},"yoast_head":"<!-- This site is optimized with the Yoast SEO plugin v17.9 - https:\/\/yoast.com\/wordpress\/plugins\/seo\/ -->\n<title>Accueil - Eau Sol Air<\/title>\n<meta name=\"description\" content=\"Nouveau sur le march\u00e9 du tourisme, location de catamarans Lagoon en Corse et aux Antilles. Participez \u00e9galement \u00e0 une Transatlantique.\" \/>\n<meta name=\"robots\" content=\"index, follow, max-snippet:-1, max-image-preview:large, max-video-preview:-1\" \/>\n<link rel=\"canonical\" href=\"https:\/\/eau-sol-air.com\/\" \/>\n<meta property=\"og:locale\" content=\"fr_FR\" \/>\n<meta property=\"og:type\" content=\"article\" \/>\n<meta property=\"og:title\" content=\"Accueil - Eau Sol Air\" \/>\n<meta property=\"og:description\" content=\"Nouveau sur le march\u00e9 du tourisme, location de catamarans Lagoon en Corse et aux Antilles. Participez \u00e9galement \u00e0 une Transatlantique.\" \/>\n<meta property=\"og:url\" content=\"https:\/\/eau-sol-air.com\/\" \/>\n<meta property=\"og:site_name\" content=\"Eau Sol Air\" \/>\n<meta property=\"article:modified_time\" content=\"2022-01-24T10:08:24+00:00\" \/>\n<meta name=\"twitter:card\" content=\"summary_large_image\" \/>\n<meta name=\"twitter:label1\" content=\"Dur\u00e9e de lecture estim\u00e9e\" \/>\n\t<meta name=\"twitter:data1\" content=\"1 minute\" \/>\n<script type=\"application\/ld+json\" class=\"yoast-schema-graph\">{\"@context\":\"https:\/\/schema.org\",\"@graph\":[{\"@type\":\"WebSite\",\"@id\":\"https:\/\/eau-sol-air.com\/#website\",\"url\":\"https:\/\/eau-sol-air.com\/\",\"name\":\"Eau Sol Air\",\"description\":\"\",\"potentialAction\":[{\"@type\":\"SearchAction\",\"target\":{\"@type\":\"EntryPoint\",\"urlTemplate\":\"https:\/\/eau-sol-air.com\/?s={search_term_string}\"},\"query-input\":\"required name=search_term_string\"}],\"inLanguage\":\"fr-FR\"},{\"@type\":\"WebPage\",\"@id\":\"https:\/\/eau-sol-air.com\/#webpage\",\"url\":\"https:\/\/eau-sol-air.com\/\",\"name\":\"Accueil - Eau Sol Air\",\"isPartOf\":{\"@id\":\"https:\/\/eau-sol-air.com\/#website\"},\"datePublished\":\"2022-01-16T17:08:46+00:00\",\"dateModified\":\"2022-01-24T10:08:24+00:00\",\"breadcrumb\":{\"@id\":\"https:\/\/eau-sol-air.com\/#breadcrumb\"},\"inLanguage\":\"fr-FR\"}]}<\/script>\n<!-- \/ Yoast SEO plugin. -->","yoast_head_json":{"title":"Accueil - Eau Sol Air","description":"Nouveau sur le march\u00e9 du tourisme, location de catamarans Lagoon en Corse et aux Antilles. Participez \u00e9galement \u00e0 une Transatlantique.","robots":{"index":"index","follow":"follow","max-snippet":"max-snippet:-1","max-image-preview":"max-image-preview:large","max-video-preview":"max-video-preview:-1"},"canonical":"https:\/\/eau-sol-air.com\/","og_locale":"fr_FR","og_type":"article","og_title":"Accueil - Eau Sol Air","og_description":"Nouveau sur le march\u00e9 du tourisme, location de catamarans Lagoon en Corse et aux Antilles. Participez \u00e9galement \u00e0 une Transatlantique.","og_url":"https:\/\/eau-sol-air.com\/","og_site_name":"Eau Sol Air","article_modified_time":"2022-01-24T10:08:24+00:00","twitter_card":"summary_large_image","twitter_misc":{"Dur\u00e9e de lecture estim\u00e9e":"1 minute"},"schema":{"@context":"https:\/\/schema.org","@graph":[{"@type":"WebSite","@id":"https:\/\/eau-sol-air.com\/#website","url":"https:\/\/eau-sol-air.com\/","name":"Eau Sol Air","description":"","potentialAction":[{"@type":"SearchAction","target":{"@type":"EntryPoint","urlTemplate":"https:\/\/eau-sol-air.com\/?s={search_term_string}"},"query-input":"required name=search_term_string"}],"inLanguage":"fr-FR"},{"@type":"WebPage","@id":"https:\/\/eau-sol-air.com\/#webpage","url":"https:\/\/eau-sol-air.com\/","name":"Accueil - Eau Sol Air","isPartOf":{"@id":"https:\/\/eau-sol-air.com\/#website"},"datePublished":"2022-01-16T17:08:46+00:00","dateModified":"2022-01-24T10:08:24+00:00","breadcrumb":{"@id":"https:\/\/eau-sol-air.com\/#breadcrumb"},"inLanguage":"fr-FR"}]}},"jetpack_sharing_enabled":true,"jetpack_shortlink":"https:\/\/wp.me\/P9PT6k-1l","_links":{"self":[{"href":"https:\/\/eau-sol-air.com\/index.php\/wp-json\/wp\/v2\/pages\/83"}],"collection":[{"href":"https:\/\/eau-sol-air.com\/index.php\/wp-json\/wp\/v2\/pages"}],"about":[{"href":"https:\/\/eau-sol-air.com\/index.php\/wp-json\/wp\/v2\/types\/page"}],"author":[{"embeddable":true,"href":"https:\/\/eau-sol-air.com\/index.php\/wp-json\/wp\/v2\/users\/1"}],"replies":[{"embeddable":true,"href":"https:\/\/eau-sol-air.com\/index.php\/wp-json\/wp\/v2\/comments?post=83"}],"version-history":[{"count":171,"href":"https:\/\/eau-sol-air.com\/index.php\/wp-json\/wp\/v2\/pages\/83\/revisions"}],"predecessor-version":[{"id":1346,"href":"https:\/\/eau-sol-air.com\/index.php\/wp-json\/wp\/v2\/pages\/83\/revisions\/1346"}],"wp:attachment":[{"href":"https:\/\/eau-sol-air.com\/index.php\/wp-json\/wp\/v2\/media?parent=83"}],"curies":[{"name":"wp","href":"https:\/\/api.w.org\/{rel}","templated":true}]}}